{"id":719,"date":"2018-07-24T06:12:00","date_gmt":"2018-07-24T06:12:00","guid":{"rendered":"https:\/\/lobeva.ca\/?page_id=719"},"modified":"2025-01-05T19:59:15","modified_gmt":"2025-01-05T19:59:15","slug":"about-us","status":"publish","type":"page","link":"https:\/\/lobeva.ca\/fr\/about-us\/","title":{"rendered":"\u00c0 propos de nous"},"content":{"rendered":"<div data-elementor-type=\"wp-post\" data-elementor-id=\"719\" class=\"elementor elementor-719\">\n\t\t\t\t\t\t<div class=\"elementor-inner\">\n\t\t\t\t<div class=\"elementor-section-wrap\">\n\t\t\t\t\t\t\t\t\t<section class=\"elementor-section elementor-top-section elementor-element elementor-element-6ae325e7 elementor-section-content-middle elementor-section-stretched elementor-section-boxed elementor-section-height-default elementor-section-height-default\" data-id=\"6ae325e7\" data-element_type=\"section\" data-settings=\"{&quot;background_background&quot;:&quot;classic&quot;,&quot;stretch_section&quot;:&quot;section-stretched&quot;}\">\n\t\t\t\t\t\t\t<div class=\"elementor-background-overlay\"><\/div>\n\t\t\t\t\t\t\t<div class=\"elementor-container elementor-column-gap-default\">\n\t\t\t\t\t\t\t<div class=\"elementor-row\">\n\t\t\t\t\t<div class=\"elementor-column elementor-col-100 elementor-top-column elementor-element elementor-element-372cc9c\" data-id=\"372cc9c\" data-element_type=\"column\">\n\t\t\t<div class=\"elementor-column-wrap elementor-element-populated\">\n\t\t\t\t\t\t\t<div class=\"elementor-widget-wrap\">\n\t\t\t\t\t\t<div class=\"elementor-element elementor-element-02cf3f3 elementor-widget elementor-widget-heading\" data-id=\"02cf3f3\" data-element_type=\"widget\" data-widget_type=\"heading.default\">\n\t\t\t\t<div class=\"elementor-widget-container\">\n\t\t\t<h2 class=\"elementor-heading-title elementor-size-large\">\u00c0 propos de nous<\/h2>\t\t<\/div>\n\t\t\t\t<\/div>\n\t\t\t\t\t\t<\/div>\n\t\t\t\t\t<\/div>\n\t\t<\/div>\n\t\t\t\t\t\t\t\t<\/div>\n\t\t\t\t\t<\/div>\n\t\t<\/section>\n\t\t\t\t<section class=\"elementor-section elementor-top-section elementor-element elementor-element-79e7330 elementor-section-boxed elementor-section-height-default elementor-section-height-default\" data-id=\"79e7330\" data-element_type=\"section\" data-settings=\"{&quot;background_background&quot;:&quot;classic&quot;}\">\n\t\t\t\t\t\t<div class=\"elementor-container elementor-column-gap-default\">\n\t\t\t\t\t\t\t<div class=\"elementor-row\">\n\t\t\t\t\t<div class=\"elementor-column elementor-col-100 elementor-top-column elementor-element elementor-element-819add7\" data-id=\"819add7\" data-element_type=\"column\">\n\t\t\t<div class=\"elementor-column-wrap elementor-element-populated\">\n\t\t\t\t\t\t\t<div class=\"elementor-widget-wrap\">\n\t\t\t\t\t\t<div class=\"elementor-element elementor-element-a385563 elementor-widget elementor-widget-text-editor\" data-id=\"a385563\" data-element_type=\"widget\" data-widget_type=\"text-editor.default\">\n\t\t\t\t<div class=\"elementor-widget-container\">\n\t\t\t\t\t\t\t\t<div class=\"elementor-text-editor elementor-clearfix\">\n\t\t\t\t<div class=\"_2cuy _3dgx _2vxa\"><div class=\"_2cuy _3dgx _2vxa\">Les trois fondateurs de Lobeva ont \u00e9t\u00e9 \u00e9lev\u00e9s par des immigrants italiens. Partis avec une simple valise, leurs parents sont venus s\u2019installer au Qu\u00e9bec, dans l\u2019espoir de trouver une meilleure qualit\u00e9 de vie. N'oubliant jamais leurs origines, leurs familles ont vite adopt\u00e9 la culture et les valeurs qu\u00e9b\u00e9coises et en retour leur nouvelle famille d\u2019accueil les ont accept\u00e9s. Ce n\u2019est pas sans difficult\u00e9s et dur labeur qu\u2019ils ont commenc\u00e9 cette nouvelle vie, mais il \u00e9tait imp\u00e9ratif de se donner un meilleur avenir et opportunit\u00e9s. Les fondateurs de Lobeva ont grandi dans cette culture unique soit un hybride des traditions italiennes classiques et celles qu\u00e9b\u00e9coises modernes.<br \/><br \/><\/div><div class=\"_2cuy _3dgx _2vxa\"><p>Leurs parents ont fait le choix important de conserver les traditions italiennes. Le diner du dimanche, moment important de rassemblement familial avec des p\u00e2tes, des saucisses et surtout du vin fait maison. Ce vin produit dans la chambre froide de leur Nonno (grand p\u00e8re), a fait naitre un int\u00e9r\u00eat profond \u00e0 faire quelque chose avec leurs mains, qui est unique et original et qui ne pourrait pas \u00eatre trouv\u00e9 ailleurs. Les fondateurs ont d\u00e9cid\u00e9 de laisser le vin \u00e0 leurs parents et se sont lanc\u00e9s dans un nouveau d\u00e9fi en cr\u00e9ant un produit qui est ancr\u00e9 dans la culture de ce pays et de la province, la bi\u00e8re!<\/p><\/div><div class=\"_2cuy _3dgx _2vxa\">Avec 20 ans d\u2019exp\u00e9rience de brassage entre eux, l\u2019\u00e9quipe Lobeva a \u00e9t\u00e9 cr\u00e9\u00e9 avec l\u2019objectif de produire des bi\u00e8res d\u00e9licieuses et uniques, inspir\u00e9s par notre histoire et notre culture.<\/div><div class=\"_2cuy _3dgx _2vxa\">\u00a0<\/div><div class=\"_2cuy _3dgx _2vxa\">Lobeva, pour les traditions!<\/div><\/div>\t\t\t\t\t<\/div>\n\t\t\t\t\t\t<\/div>\n\t\t\t\t<\/div>\n\t\t\t\t\t\t<\/div>\n\t\t\t\t\t<\/div>\n\t\t<\/div>\n\t\t\t\t\t\t\t\t<\/div>\n\t\t\t\t\t<\/div>\n\t\t<\/section>\n\t\t\t\t\t\t\t\t\t<\/div>\n\t\t\t<\/div>\n\t\t\t\t\t<\/div>","protected":false},"excerpt":{"rendered":"<p>About US The three founders of Lobeva were raised by Italian immigrants who packed their life into a suitcase and came to Quebec in search of a better quality of life.\u00a0While never forgetting their origins, their families embraced the quebecois culture and values in the same way their adopted home embraced them back. As much [&hellip;]<\/p>","protected":false},"author":1,"featured_media":0,"parent":0,"menu_order":0,"comment_status":"closed","ping_status":"closed","template":"","meta":[],"_links":{"self":[{"href":"https:\/\/lobeva.ca\/fr\/wp-json\/wp\/v2\/pages\/719"}],"collection":[{"href":"https:\/\/lobeva.ca\/fr\/wp-json\/wp\/v2\/pages"}],"about":[{"href":"https:\/\/lobeva.ca\/fr\/wp-json\/wp\/v2\/types\/page"}],"author":[{"embeddable":true,"href":"https:\/\/lobeva.ca\/fr\/wp-json\/wp\/v2\/users\/1"}],"replies":[{"embeddable":true,"href":"https:\/\/lobeva.ca\/fr\/wp-json\/wp\/v2\/comments?post=719"}],"version-history":[{"count":16,"href":"https:\/\/lobeva.ca\/fr\/wp-json\/wp\/v2\/pages\/719\/revisions"}],"predecessor-version":[{"id":1248,"href":"https:\/\/lobeva.ca\/fr\/wp-json\/wp\/v2\/pages\/719\/revisions\/1248"}],"wp:attachment":[{"href":"https:\/\/lobeva.ca\/fr\/wp-json\/wp\/v2\/media?parent=719"}],"curies":[{"name":"wp","href":"https:\/\/api.w.org\/{rel}","templated":true}]}}