{"id":1003,"date":"2020-10-14T02:42:37","date_gmt":"2020-10-14T02:42:37","guid":{"rendered":"https:\/\/lobeva.ca\/?post_type=product&#038;p=1003"},"modified":"2024-11-09T20:20:57","modified_gmt":"2024-11-09T20:20:57","slug":"lobeva-tshirt-default-black","status":"publish","type":"product","link":"https:\/\/lobeva.ca\/fr\/produit\/lobeva-tshirt-default-black\/","title":{"rendered":"T-shirt - Lobeva Classique"},"content":{"rendered":"<p>Un t-shirt qui vous fait juste sentir et bien para\u00eetre, s\u00e9rieusement, ce t-shirt va bien \u00e0 tout le monde<\/p>","protected":false},"excerpt":{"rendered":"<p>Le T-shirt classique de Lobeva est enfin en vente en ligne!<\/p>","protected":false},"featured_media":1075,"template":"","meta":[],"product_cat":[23],"product_tag":[19,18],"_links":{"self":[{"href":"https:\/\/lobeva.ca\/fr\/wp-json\/wp\/v2\/product\/1003"}],"collection":[{"href":"https:\/\/lobeva.ca\/fr\/wp-json\/wp\/v2\/product"}],"about":[{"href":"https:\/\/lobeva.ca\/fr\/wp-json\/wp\/v2\/types\/product"}],"wp:featuredmedia":[{"embeddable":true,"href":"https:\/\/lobeva.ca\/fr\/wp-json\/wp\/v2\/media\/1075"}],"wp:attachment":[{"href":"https:\/\/lobeva.ca\/fr\/wp-json\/wp\/v2\/media?parent=1003"}],"wp:term":[{"taxonomy":"product_cat","embeddable":true,"href":"https:\/\/lobeva.ca\/fr\/wp-json\/wp\/v2\/product_cat?post=1003"},{"taxonomy":"product_tag","embeddable":true,"href":"https:\/\/lobeva.ca\/fr\/wp-json\/wp\/v2\/product_tag?post=1003"}],"curies":[{"name":"wp","href":"https:\/\/api.w.org\/{rel}","templated":true}]}}