{"id":1048,"date":"2020-11-03T03:46:48","date_gmt":"2020-11-03T03:46:48","guid":{"rendered":"https:\/\/lobeva.ca\/?post_type=product&#038;p=1048"},"modified":"2025-01-05T07:28:37","modified_gmt":"2025-01-05T07:28:37","slug":"lobeva-cap-snapback","status":"publish","type":"product","link":"https:\/\/lobeva.ca\/fr\/produit\/lobeva-cap-snapback\/","title":{"rendered":"Casquette Lobeva - Snapback"},"content":{"rendered":"<p>Visi\u00e8re plate de Lobeva et sangle r\u00e9glable \u00e0 l'arri\u00e8re qui s'enclenche ensemble. Ils sont un incontournable du streetwear urbain international<\/p>","protected":false},"excerpt":{"rendered":"<p>Casquette snapback originale de Lobeva dans 3 styles diff\u00e9rents<\/p>","protected":false},"featured_media":1101,"template":"","meta":[],"product_cat":[23],"product_tag":[24],"_links":{"self":[{"href":"https:\/\/lobeva.ca\/fr\/wp-json\/wp\/v2\/product\/1048"}],"collection":[{"href":"https:\/\/lobeva.ca\/fr\/wp-json\/wp\/v2\/product"}],"about":[{"href":"https:\/\/lobeva.ca\/fr\/wp-json\/wp\/v2\/types\/product"}],"wp:featuredmedia":[{"embeddable":true,"href":"https:\/\/lobeva.ca\/fr\/wp-json\/wp\/v2\/media\/1101"}],"wp:attachment":[{"href":"https:\/\/lobeva.ca\/fr\/wp-json\/wp\/v2\/media?parent=1048"}],"wp:term":[{"taxonomy":"product_cat","embeddable":true,"href":"https:\/\/lobeva.ca\/fr\/wp-json\/wp\/v2\/product_cat?post=1048"},{"taxonomy":"product_tag","embeddable":true,"href":"https:\/\/lobeva.ca\/fr\/wp-json\/wp\/v2\/product_tag?post=1048"}],"curies":[{"name":"wp","href":"https:\/\/api.w.org\/{rel}","templated":true}]}}