{"id":1059,"date":"2020-11-03T04:19:46","date_gmt":"2020-11-03T04:19:46","guid":{"rendered":"https:\/\/lobeva.ca\/?post_type=product&#038;p=1059"},"modified":"2024-10-08T16:19:10","modified_gmt":"2024-10-08T16:19:10","slug":"pompom-tuque","status":"publish","type":"product","link":"https:\/\/lobeva.ca\/fr\/produit\/pompom-tuque\/","title":{"rendered":"Tuque &#8211; Lobeva PomPom"},"content":{"rendered":"<p>Restez au chaud tout en ayant l'air d'un papa qui pellette la neige autour de son tempo \u00e0 Saint-L\u00e9onard avec cette tuque \u00e9l\u00e9gante<\/p>","protected":false},"excerpt":{"rendered":"<p>Tuque Lobeva avec PomPom - Gris<\/p>","protected":false},"featured_media":1144,"template":"","meta":[],"product_cat":[23],"product_tag":[],"_links":{"self":[{"href":"https:\/\/lobeva.ca\/fr\/wp-json\/wp\/v2\/product\/1059"}],"collection":[{"href":"https:\/\/lobeva.ca\/fr\/wp-json\/wp\/v2\/product"}],"about":[{"href":"https:\/\/lobeva.ca\/fr\/wp-json\/wp\/v2\/types\/product"}],"wp:featuredmedia":[{"embeddable":true,"href":"https:\/\/lobeva.ca\/fr\/wp-json\/wp\/v2\/media\/1144"}],"wp:attachment":[{"href":"https:\/\/lobeva.ca\/fr\/wp-json\/wp\/v2\/media?parent=1059"}],"wp:term":[{"taxonomy":"product_cat","embeddable":true,"href":"https:\/\/lobeva.ca\/fr\/wp-json\/wp\/v2\/product_cat?post=1059"},{"taxonomy":"product_tag","embeddable":true,"href":"https:\/\/lobeva.ca\/fr\/wp-json\/wp\/v2\/product_tag?post=1059"}],"curies":[{"name":"wp","href":"https:\/\/api.w.org\/{rel}","templated":true}]}}