{"id":1676,"date":"2022-07-27T15:57:49","date_gmt":"2022-07-27T15:57:49","guid":{"rendered":"https:\/\/lobeva.ca\/product\/lobeva-cursive-socks\/"},"modified":"2024-03-23T22:20:30","modified_gmt":"2024-03-23T22:20:30","slug":"lobeva-cursive-socks","status":"publish","type":"product","link":"https:\/\/lobeva.ca\/fr\/produit\/lobeva-cursive-socks\/","title":{"rendered":"Chausettes - Lobeva"},"content":{"rendered":"<p>Ces chaussettes sont tr\u00e8s confortables gr\u00e2ce \u00e0 leur fond rembourr\u00e9. Le pied est noir avec le logo Lobeva imprim\u00e9 le long de la jambe avec des couleurs nettes et audacieuses qui ne se d\u00e9colorent pas.<\/p>\n<p>\u2022 60 % nylon, 22 % coton, 18 % \u00e9lasthanne<br \/>\n\u2022 Une bonne longueur<br \/>\n\u2022 Fond rembourr\u00e9<br \/>\n\u2022 Jambe c\u00f4tel\u00e9e<\/p>","protected":false},"excerpt":{"rendered":"<p>These socks are extra comfortable thanks to their cushioned bottom. The foot is black with the Lobeva logo printed along the leg with crisp, bold colors that won&#8217;t fade. \u2022 60% nylon, 22% cotton, 18% spandex \u2022 Crew length \u2022 Cushioned bottom \u2022 Ribbed leg<\/p>","protected":false},"featured_media":1680,"template":"","meta":[],"product_cat":[22],"product_tag":[],"_links":{"self":[{"href":"https:\/\/lobeva.ca\/fr\/wp-json\/wp\/v2\/product\/1676"}],"collection":[{"href":"https:\/\/lobeva.ca\/fr\/wp-json\/wp\/v2\/product"}],"about":[{"href":"https:\/\/lobeva.ca\/fr\/wp-json\/wp\/v2\/types\/product"}],"wp:featuredmedia":[{"embeddable":true,"href":"https:\/\/lobeva.ca\/fr\/wp-json\/wp\/v2\/media\/1680"}],"wp:attachment":[{"href":"https:\/\/lobeva.ca\/fr\/wp-json\/wp\/v2\/media?parent=1676"}],"wp:term":[{"taxonomy":"product_cat","embeddable":true,"href":"https:\/\/lobeva.ca\/fr\/wp-json\/wp\/v2\/product_cat?post=1676"},{"taxonomy":"product_tag","embeddable":true,"href":"https:\/\/lobeva.ca\/fr\/wp-json\/wp\/v2\/product_tag?post=1676"}],"curies":[{"name":"wp","href":"https:\/\/api.w.org\/{rel}","templated":true}]}}