{"id":1906,"date":"2022-07-29T04:34:16","date_gmt":"2022-07-29T04:34:16","guid":{"rendered":"https:\/\/lobeva.ca\/product\/lubriaque-tshirt\/"},"modified":"2024-07-09T16:32:51","modified_gmt":"2024-07-09T16:32:51","slug":"lubriaque-tshirt","status":"publish","type":"product","link":"https:\/\/lobeva.ca\/fr\/produit\/lubriaque-tshirt\/","title":{"rendered":"Lubriaque - T-shirt"},"content":{"rendered":"<p>Ce t-shirt fera savoir \u00e0 tout le monde que vous \u00eates \u00e0 la fois un buveur de bi\u00e8re passionn\u00e9 et un joueur de p\u00e9tanque professionnel!<\/p>\n<p>\u2022 100 % coton peign\u00e9 et fil\u00e9 \u00e0 l'anneau (les couleurs chin\u00e9es contiennent du polyester)<br \/>\n\u2022 Poids du tissu\u00a0: 4,2\u00a0oz\/yd\u00b2 (142\u00a0g\/m\u00b2)<br \/>\n\u2022 Tissu pr\u00e9-r\u00e9tr\u00e9ci<br \/>\n\u2022 Construction \u00e0 coutures lat\u00e9rales<br \/>\n\u2022 Bande d'\u00e9paule \u00e0 \u00e9paule<br \/>\n\u2022 Produit vierge provenant du Guatemala, du Nicaragua, du Mexique, du Honduras ou des \u00c9tats-Unis<\/p>","protected":false},"excerpt":{"rendered":"<p>This tshirt will let everyone know you are both an avid beer drinker and a pro Bocce player! \u2022 100% combed and ring-spun cotton (Heather colors contain polyester) \u2022 Fabric weight: 4.2 oz\/yd\u00b2 (142 g\/m\u00b2) \u2022 Pre-shrunk fabric \u2022 Side-seamed construction \u2022 Shoulder-to-shoulder taping \u2022 Blank product sourced from Guatemala, Nicaragua, Mexico, Honduras, or the [&hellip;]<\/p>","protected":false},"featured_media":1925,"template":"","meta":[],"product_cat":[22],"product_tag":[],"_links":{"self":[{"href":"https:\/\/lobeva.ca\/fr\/wp-json\/wp\/v2\/product\/1906"}],"collection":[{"href":"https:\/\/lobeva.ca\/fr\/wp-json\/wp\/v2\/product"}],"about":[{"href":"https:\/\/lobeva.ca\/fr\/wp-json\/wp\/v2\/types\/product"}],"wp:featuredmedia":[{"embeddable":true,"href":"https:\/\/lobeva.ca\/fr\/wp-json\/wp\/v2\/media\/1925"}],"wp:attachment":[{"href":"https:\/\/lobeva.ca\/fr\/wp-json\/wp\/v2\/media?parent=1906"}],"wp:term":[{"taxonomy":"product_cat","embeddable":true,"href":"https:\/\/lobeva.ca\/fr\/wp-json\/wp\/v2\/product_cat?post=1906"},{"taxonomy":"product_tag","embeddable":true,"href":"https:\/\/lobeva.ca\/fr\/wp-json\/wp\/v2\/product_tag?post=1906"}],"curies":[{"name":"wp","href":"https:\/\/api.w.org\/{rel}","templated":true}]}}