{"id":1929,"date":"2022-07-29T04:44:25","date_gmt":"2022-07-29T04:44:25","guid":{"rendered":"https:\/\/lobeva.ca\/product\/brisquola-tshirt\/"},"modified":"2022-07-29T04:45:47","modified_gmt":"2022-07-29T04:45:47","slug":"brisquola-tshirt","status":"publish","type":"product","link":"https:\/\/lobeva.ca\/fr\/produit\/brisquola-tshirt\/","title":{"rendered":"Brisquola - T-shirt"},"content":{"rendered":"<p>Jouez aux cartes, prenez une bi\u00e8re et faites-le bien!<\/p>\n<p>\u2022 100 % coton peign\u00e9 et fil\u00e9 \u00e0 l'anneau (les couleurs chin\u00e9es contiennent du polyester)<br \/>\n\u2022 Poids du tissu\u00a0: 4,2\u00a0oz\/yd\u00b2 (142\u00a0g\/m\u00b2)<br \/>\n\u2022 Tissu pr\u00e9-r\u00e9tr\u00e9ci<br \/>\n\u2022 Construction \u00e0 coutures lat\u00e9rales<br \/>\n\u2022 Bande d'\u00e9paule \u00e0 \u00e9paule<br \/>\n\u2022 Produit vierge provenant du Guatemala, du Nicaragua, du Mexique, du Honduras ou des \u00c9tats-Unis<\/p>","protected":false},"excerpt":{"rendered":"<p>Play cards, have a beer and look good doing it! \u2022 100% combed and ring-spun cotton (Heather colors contain polyester) \u2022 Fabric weight: 4.2 oz\/yd\u00b2 (142 g\/m\u00b2) \u2022 Pre-shrunk fabric \u2022 Side-seamed construction \u2022 Shoulder-to-shoulder taping \u2022 Blank product sourced from Guatemala, Nicaragua, Mexico, Honduras, or the US<\/p>","protected":false},"featured_media":1965,"template":"","meta":[],"product_cat":[22],"product_tag":[],"_links":{"self":[{"href":"https:\/\/lobeva.ca\/fr\/wp-json\/wp\/v2\/product\/1929"}],"collection":[{"href":"https:\/\/lobeva.ca\/fr\/wp-json\/wp\/v2\/product"}],"about":[{"href":"https:\/\/lobeva.ca\/fr\/wp-json\/wp\/v2\/types\/product"}],"wp:featuredmedia":[{"embeddable":true,"href":"https:\/\/lobeva.ca\/fr\/wp-json\/wp\/v2\/media\/1965"}],"wp:attachment":[{"href":"https:\/\/lobeva.ca\/fr\/wp-json\/wp\/v2\/media?parent=1929"}],"wp:term":[{"taxonomy":"product_cat","embeddable":true,"href":"https:\/\/lobeva.ca\/fr\/wp-json\/wp\/v2\/product_cat?post=1929"},{"taxonomy":"product_tag","embeddable":true,"href":"https:\/\/lobeva.ca\/fr\/wp-json\/wp\/v2\/product_tag?post=1929"}],"curies":[{"name":"wp","href":"https:\/\/api.w.org\/{rel}","templated":true}]}}