{"id":1973,"date":"2022-07-29T05:09:27","date_gmt":"2022-07-29T05:09:27","guid":{"rendered":"https:\/\/lobeva.ca\/product\/chooch-tshirt\/"},"modified":"2022-07-29T05:10:23","modified_gmt":"2022-07-29T05:10:23","slug":"chooch-tshirt","status":"publish","type":"product","link":"https:\/\/lobeva.ca\/fr\/produit\/chooch-tshirt\/","title":{"rendered":"Chooch - T-shirt"},"content":{"rendered":"<p>Chooch \u2013 Ce T-shirt fera m\u00eame bien para\u00eetre un \u00e2ne!<\/p>\n<p>\u2022 100 % coton peign\u00e9 et fil\u00e9 \u00e0 l'anneau (les couleurs chin\u00e9es contiennent du polyester)<br \/>\n\u2022 Poids du tissu\u00a0: 4,2\u00a0oz\/yd\u00b2 (142\u00a0g\/m\u00b2)<br \/>\n\u2022 Tissu pr\u00e9-r\u00e9tr\u00e9ci<br \/>\n\u2022 Construction \u00e0 coutures lat\u00e9rales<br \/>\n\u2022 Bande d'\u00e9paule \u00e0 \u00e9paule<\/p>","protected":false},"excerpt":{"rendered":"<p>Chooch &#8211; This shirt will even make an Ass look good! \u2022 100% combed and ring-spun cotton (Heather colors contain polyester) \u2022 Fabric weight: 4.2 oz\/yd\u00b2 (142 g\/m\u00b2) \u2022 Pre-shrunk fabric \u2022 Side-seamed construction \u2022 Shoulder-to-shoulder taping<\/p>","protected":false},"featured_media":2005,"template":"","meta":[],"product_cat":[22],"product_tag":[],"_links":{"self":[{"href":"https:\/\/lobeva.ca\/fr\/wp-json\/wp\/v2\/product\/1973"}],"collection":[{"href":"https:\/\/lobeva.ca\/fr\/wp-json\/wp\/v2\/product"}],"about":[{"href":"https:\/\/lobeva.ca\/fr\/wp-json\/wp\/v2\/types\/product"}],"wp:featuredmedia":[{"embeddable":true,"href":"https:\/\/lobeva.ca\/fr\/wp-json\/wp\/v2\/media\/2005"}],"wp:attachment":[{"href":"https:\/\/lobeva.ca\/fr\/wp-json\/wp\/v2\/media?parent=1973"}],"wp:term":[{"taxonomy":"product_cat","embeddable":true,"href":"https:\/\/lobeva.ca\/fr\/wp-json\/wp\/v2\/product_cat?post=1973"},{"taxonomy":"product_tag","embeddable":true,"href":"https:\/\/lobeva.ca\/fr\/wp-json\/wp\/v2\/product_tag?post=1973"}],"curies":[{"name":"wp","href":"https:\/\/api.w.org\/{rel}","templated":true}]}}