{"id":2069,"date":"2022-07-29T15:51:53","date_gmt":"2022-07-29T15:51:53","guid":{"rendered":"https:\/\/lobeva.ca\/product\/spina-mens-slip-on-canvas-shoes-2\/"},"modified":"2024-07-28T21:50:56","modified_gmt":"2024-07-28T21:50:56","slug":"spina-mens-slip-on-canvas-shoes-2","status":"publish","type":"product","link":"https:\/\/lobeva.ca\/fr\/produit\/spina-mens-slip-on-canvas-shoes-2\/","title":{"rendered":"Spina \u2013 Chaussures en toile pour hommes"},"content":{"rendered":"<p>Spina \u2013 Un look rafra\u00eechissant inspir\u00e9 d'une bi\u00e8re rafra\u00eechissante!<\/p>\n<p>\u2022 Dessus en toile 100% polyester<br \/>\n\u2022 Semelle ext\u00e9rieure en caoutchouc \u00e9thyl\u00e8ne-ac\u00e9tate de vinyle (EVA)<br \/>\n\u2022 Doublure respirante, semelle int\u00e9rieure douce<br \/>\n\u2022 Accents lat\u00e9raux \u00e9lastiques<br \/>\n\u2022 Col et languette rembourr\u00e9s<br \/>\n\u2022 Imprim\u00e9, coup\u00e9 et fait \u00e0 la main<\/p>","protected":false},"excerpt":{"rendered":"<p>Spina &#8211; A refreshing look modeled after a refreshing beer! \u2022 100% polyester canvas upper side \u2022 Ethylene-vinyl acetate (EVA) rubber outsole \u2022 Breathable lining, soft insole \u2022 Elastic side accents \u2022 Padded collar and tongue \u2022 Printed, cut, and handmade<\/p>","protected":false},"featured_media":2087,"template":"","meta":[],"product_cat":[22],"product_tag":[],"_links":{"self":[{"href":"https:\/\/lobeva.ca\/fr\/wp-json\/wp\/v2\/product\/2069"}],"collection":[{"href":"https:\/\/lobeva.ca\/fr\/wp-json\/wp\/v2\/product"}],"about":[{"href":"https:\/\/lobeva.ca\/fr\/wp-json\/wp\/v2\/types\/product"}],"wp:featuredmedia":[{"embeddable":true,"href":"https:\/\/lobeva.ca\/fr\/wp-json\/wp\/v2\/media\/2087"}],"wp:attachment":[{"href":"https:\/\/lobeva.ca\/fr\/wp-json\/wp\/v2\/media?parent=2069"}],"wp:term":[{"taxonomy":"product_cat","embeddable":true,"href":"https:\/\/lobeva.ca\/fr\/wp-json\/wp\/v2\/product_cat?post=2069"},{"taxonomy":"product_tag","embeddable":true,"href":"https:\/\/lobeva.ca\/fr\/wp-json\/wp\/v2\/product_tag?post=2069"}],"curies":[{"name":"wp","href":"https:\/\/api.w.org\/{rel}","templated":true}]}}