{"id":2135,"date":"2022-07-29T15:58:00","date_gmt":"2022-07-29T15:58:00","guid":{"rendered":"https:\/\/lobeva.ca\/product\/comare-womens-slip-on-canvas-shoes\/"},"modified":"2025-01-05T10:04:23","modified_gmt":"2025-01-05T10:04:23","slug":"comare-womens-slip-on-canvas-shoes","status":"publish","type":"product","link":"https:\/\/lobeva.ca\/fr\/produit\/comare-womens-slip-on-canvas-shoes\/","title":{"rendered":"Comare - Chaussures en toile pour femmes"},"content":{"rendered":"<p>Comare \u2013 Parce qu'il n'y a personne de plus important dans nos vies que notre Comare !<\/p>\n<p>\u2022 Dessus en toile 100% polyester<br \/>\n\u2022 Semelle ext\u00e9rieure en caoutchouc \u00e9thyl\u00e8ne-ac\u00e9tate de vinyle (EVA)<br \/>\n\u2022 Doublure respirante, semelle int\u00e9rieure douce<br \/>\n\u2022 Accents lat\u00e9raux \u00e9lastiques<br \/>\n\u2022 Col et languette rembourr\u00e9s<br \/>\n\u2022 Imprim\u00e9, coup\u00e9 et fait \u00e0 la main<\/p>","protected":false},"excerpt":{"rendered":"<p>Comare &#8211; Because there&#8217;s no one more important in our lives than our Comare! \u2022 100% polyester canvas upper side \u2022 Ethylene-vinyl acetate (EVA) rubber outsole \u2022 Breathable lining, soft insole \u2022 Elastic side accents \u2022 Padded collar and tongue \u2022 Printed, cut, and handmade<\/p>","protected":false},"featured_media":2151,"template":"","meta":[],"product_cat":[22],"product_tag":[],"_links":{"self":[{"href":"https:\/\/lobeva.ca\/fr\/wp-json\/wp\/v2\/product\/2135"}],"collection":[{"href":"https:\/\/lobeva.ca\/fr\/wp-json\/wp\/v2\/product"}],"about":[{"href":"https:\/\/lobeva.ca\/fr\/wp-json\/wp\/v2\/types\/product"}],"wp:featuredmedia":[{"embeddable":true,"href":"https:\/\/lobeva.ca\/fr\/wp-json\/wp\/v2\/media\/2151"}],"wp:attachment":[{"href":"https:\/\/lobeva.ca\/fr\/wp-json\/wp\/v2\/media?parent=2135"}],"wp:term":[{"taxonomy":"product_cat","embeddable":true,"href":"https:\/\/lobeva.ca\/fr\/wp-json\/wp\/v2\/product_cat?post=2135"},{"taxonomy":"product_tag","embeddable":true,"href":"https:\/\/lobeva.ca\/fr\/wp-json\/wp\/v2\/product_tag?post=2135"}],"curies":[{"name":"wp","href":"https:\/\/api.w.org\/{rel}","templated":true}]}}