{"id":2189,"date":"2022-08-06T20:01:15","date_gmt":"2022-08-06T20:01:15","guid":{"rendered":"https:\/\/lobeva.ca\/product\/combare-mens-slip-on-canvas-shoes\/"},"modified":"2024-11-01T16:51:51","modified_gmt":"2024-11-01T16:51:51","slug":"combare-mens-slip-on-canvas-shoes","status":"publish","type":"product","link":"https:\/\/lobeva.ca\/fr\/produit\/combare-mens-slip-on-canvas-shoes\/","title":{"rendered":"Combare - Chaussures en toile pour hommes"},"content":{"rendered":"<p>Combare - Une paire de chaussures que vous ne pouvez pas refuser!<\/p>\n<p>\u2022 Dessus en toile 100% polyester<br \/>\n\u2022 Semelle ext\u00e9rieure en caoutchouc \u00e9thyl\u00e8ne-ac\u00e9tate de vinyle (EVA)<br \/>\n\u2022 Your brand on the box, insole, and tongue of the shoe<br \/>\n\u2022 Doublure respirante, semelle int\u00e9rieure douce<br \/>\n\u2022 Accents lat\u00e9raux \u00e9lastiques<br \/>\n\u2022 Col et languette rembourr\u00e9s<br \/>\n\u2022 Imprim\u00e9, coup\u00e9 et fait \u00e0 la main<\/p>","protected":false},"excerpt":{"rendered":"<p>Combare &#8211; A pair of shoes you can not refuse! \u2022 100% polyester canvas upper side \u2022 Ethylene-vinyl acetate (EVA) rubber outsole \u2022 Your brand on the box, insole, and tongue of the shoe \u2022 Breathable lining, soft insole \u2022 Elastic side accents \u2022 Padded collar and tongue \u2022 Printed, cut, and handmade<\/p>","protected":false},"featured_media":2207,"template":"","meta":[],"product_cat":[22],"product_tag":[],"_links":{"self":[{"href":"https:\/\/lobeva.ca\/fr\/wp-json\/wp\/v2\/product\/2189"}],"collection":[{"href":"https:\/\/lobeva.ca\/fr\/wp-json\/wp\/v2\/product"}],"about":[{"href":"https:\/\/lobeva.ca\/fr\/wp-json\/wp\/v2\/types\/product"}],"wp:featuredmedia":[{"embeddable":true,"href":"https:\/\/lobeva.ca\/fr\/wp-json\/wp\/v2\/media\/2207"}],"wp:attachment":[{"href":"https:\/\/lobeva.ca\/fr\/wp-json\/wp\/v2\/media?parent=2189"}],"wp:term":[{"taxonomy":"product_cat","embeddable":true,"href":"https:\/\/lobeva.ca\/fr\/wp-json\/wp\/v2\/product_cat?post=2189"},{"taxonomy":"product_tag","embeddable":true,"href":"https:\/\/lobeva.ca\/fr\/wp-json\/wp\/v2\/product_tag?post=2189"}],"curies":[{"name":"wp","href":"https:\/\/api.w.org\/{rel}","templated":true}]}}