{"id":2311,"date":"2022-09-15T15:08:13","date_gmt":"2022-09-15T15:08:13","guid":{"rendered":"https:\/\/lobeva.ca\/product\/comare-womens-t-shirt\/"},"modified":"2023-08-28T19:47:50","modified_gmt":"2023-08-28T19:47:50","slug":"comare-womens-t-shirt","status":"publish","type":"product","link":"https:\/\/lobeva.ca\/fr\/produit\/comare-womens-t-shirt\/","title":{"rendered":"Comare - T-shirt pour femme"},"content":{"rendered":"<p>Comare - Un t-shirt pour saluer toutes les femmes sp\u00e9ciales de nos vies.<\/p>\n<p>\u2022 100 % coton peign\u00e9 biologique fil\u00e9 \u00e0 l'anneau<br \/>\n\u2022 Poids du tissu\u00a0: 4,2\u00a0oz\/yd\u00b2 (142\u00a0g\/m\u00b2)<br \/>\n\u2022 Maillot simple<br \/>\n\u2022 Manches mont\u00e9es<br \/>\n\u2022 Col en c\u00f4te 1\u00d71<br \/>\n\u2022 Surpiq\u00fbre \u00e9troite \u00e0 double aiguille sur les manches et les ourlets du bas<br \/>\n\u2022 Bande de propret\u00e9 dans le m\u00eame tissu (int\u00e9rieur, nuque)<\/p>","protected":false},"excerpt":{"rendered":"<p>Comare \u2013 A tshirt to salute to all the special ladies in our lives. \u2022 100% organic ring-spun combed cotton \u2022 Fabric weight: 4.57 oz\/yd\u00b2 (155 g\/m\u00b2) \u2022 Single jersey \u2022 Set-in sleeves \u2022 1\u00d71 rib at collar \u2022 Narrow double-needle topstitch on the sleeves and bottom hems \u2022 Self-fabric neck tape (inside, back of [&hellip;]<\/p>","protected":false},"featured_media":2337,"template":"","meta":[],"product_cat":[22],"product_tag":[],"_links":{"self":[{"href":"https:\/\/lobeva.ca\/fr\/wp-json\/wp\/v2\/product\/2311"}],"collection":[{"href":"https:\/\/lobeva.ca\/fr\/wp-json\/wp\/v2\/product"}],"about":[{"href":"https:\/\/lobeva.ca\/fr\/wp-json\/wp\/v2\/types\/product"}],"wp:featuredmedia":[{"embeddable":true,"href":"https:\/\/lobeva.ca\/fr\/wp-json\/wp\/v2\/media\/2337"}],"wp:attachment":[{"href":"https:\/\/lobeva.ca\/fr\/wp-json\/wp\/v2\/media?parent=2311"}],"wp:term":[{"taxonomy":"product_cat","embeddable":true,"href":"https:\/\/lobeva.ca\/fr\/wp-json\/wp\/v2\/product_cat?post=2311"},{"taxonomy":"product_tag","embeddable":true,"href":"https:\/\/lobeva.ca\/fr\/wp-json\/wp\/v2\/product_tag?post=2311"}],"curies":[{"name":"wp","href":"https:\/\/api.w.org\/{rel}","templated":true}]}}